{"id":211,"date":"2015-09-29T15:55:30","date_gmt":"2015-09-29T14:55:30","guid":{"rendered":"http:\/\/apeimeudon.fr\/Site-APEI\/?page_id=211"},"modified":"2017-07-22T20:43:44","modified_gmt":"2017-07-22T18:43:44","slug":"nous-aider","status":"publish","type":"page","link":"http:\/\/apeimeudon.fr\/Site-APEI\/lassociation-2\/nous-aider\/","title":{"rendered":"Nous aider"},"content":{"rendered":"<p><strong>Comment nous aider ?<\/strong><\/p>\n<ul>\n<li>Par des dons et legs.<\/li>\n<\/ul>\n<p style=\"padding-left: 30px;\"><em>Pour d\u00e9velopper et diversifier leurs ressources, les associations font parfois appel \u00e0 la g\u00e9n\u00e9rosit\u00e9 publique. <\/em><\/p>\n<p style=\"padding-left: 30px;\"><em>Les donations ou les legs dont b\u00e9n\u00e9ficient les associations comme la n\u00f4tre\u00a0sont accept\u00e9es librement, sans n\u00e9cessit\u00e9 d\u2019une autorisation pr\u00e9alable de l\u2019autorit\u00e9 administrative.\u00a0<\/em><\/p>\n<p style=\"padding-left: 30px;\"><em>S\u2019il s\u2019agit d\u2019un legs, le notaire est tenu de d\u00e9clarer la lib\u00e9ralit\u00e9 \u00e0 l\u2019autorit\u00e9 administrative d\u00e8s qu\u2019il est en possession des dispositions testamentaires\u00a0; s\u2019il s\u2019agit d\u2019une donation entre vifs, c\u2019est \u00e0 l\u2019association ou \u00e0 l\u2019\u00e9tablissement b\u00e9n\u00e9ficiaire qu\u2019il incombe de la d\u00e9clarer aussit\u00f4t \u00e0 l\u2019autorit\u00e9 administrative. L\u2019autorit\u00e9 administrative comp\u00e9tente est le pr\u00e9fet du d\u00e9partement o\u00f9 l\u2019association ou l\u2019\u00e9tablissement a son si\u00e8ge social.<\/em><\/p>\n<ul>\n<li>En adh\u00e9rant \u00e0 l\u2019association.<\/li>\n<\/ul>\n<ul>\n<li>Par une participation b\u00e9n\u00e9vole lors d\u2019actions ponctuelles.(op\u00e9ration brioches, vente des Tybilles,etc\u2026)<\/li>\n<\/ul>\n","protected":false},"excerpt":{"rendered":"<p>Comment nous aider ? Par des dons et legs. Pour d\u00e9velopper et diversifier leurs ressources, les associations font parfois appel \u00e0 la g\u00e9n\u00e9rosit\u00e9 publique. Les donations ou les legs dont b\u00e9n\u00e9ficient les associations comme la n\u00f4tre\u00a0sont accept\u00e9es librement, sans n\u00e9cessit\u00e9 d\u2019une autorisation pr\u00e9alable de l\u2019autorit\u00e9 administrative.\u00a0 S\u2019il s\u2019agit d\u2019un legs, le notaire est tenu de [&hellip;]<\/p>\n","protected":false},"author":1,"featured_media":0,"parent":222,"menu_order":0,"comment_status":"closed","ping_status":"closed","template":"","meta":{"_acf_changed":false,"ngg_post_thumbnail":0,"footnotes":""},"class_list":["post-211","page","type-page","status-publish","hentry","post"],"acf":[],"yoast_head":"<!-- This site is optimized with the Yoast SEO plugin v27.1.1 - https:\/\/yoast.com\/product\/yoast-seo-wordpress\/ -->\n<title>Nous aider - Site de l&#039;APEI de Meudon<\/title>\n<meta name=\"robots\" content=\"index, follow, max-snippet:-1, max-image-preview:large, max-video-preview:-1\" \/>\n<link rel=\"canonical\" href=\"https:\/\/apeimeudon.fr\/Site-APEI\/lassociation-2\/nous-aider\/\" \/>\n<meta property=\"og:locale\" content=\"fr_FR\" \/>\n<meta property=\"og:type\" content=\"article\" \/>\n<meta property=\"og:title\" content=\"Nous aider - Site de l&#039;APEI de Meudon\" \/>\n<meta property=\"og:description\" content=\"Comment nous aider ? Par des dons et legs. Pour d\u00e9velopper et diversifier leurs ressources, les associations font parfois appel \u00e0 la g\u00e9n\u00e9rosit\u00e9 publique. Les donations ou les legs dont b\u00e9n\u00e9ficient les associations comme la n\u00f4tre\u00a0sont accept\u00e9es librement, sans n\u00e9cessit\u00e9 d\u2019une autorisation pr\u00e9alable de l\u2019autorit\u00e9 administrative.\u00a0 S\u2019il s\u2019agit d\u2019un legs, le notaire est tenu de [&hellip;]\" \/>\n<meta property=\"og:url\" content=\"https:\/\/apeimeudon.fr\/Site-APEI\/lassociation-2\/nous-aider\/\" \/>\n<meta property=\"og:site_name\" content=\"Site de l&#039;APEI de Meudon\" \/>\n<meta property=\"article:modified_time\" content=\"2017-07-22T18:43:44+00:00\" \/>\n<meta name=\"twitter:card\" content=\"summary_large_image\" \/>\n<meta name=\"twitter:label1\" content=\"Dur\u00e9e de lecture estim\u00e9e\" \/>\n\t<meta name=\"twitter:data1\" content=\"1 minute\" \/>\n<script type=\"application\/ld+json\" class=\"yoast-schema-graph\">{\"@context\":\"https:\/\/schema.org\",\"@graph\":[{\"@type\":\"WebPage\",\"@id\":\"https:\/\/apeimeudon.fr\/Site-APEI\/lassociation-2\/nous-aider\/\",\"url\":\"https:\/\/apeimeudon.fr\/Site-APEI\/lassociation-2\/nous-aider\/\",\"name\":\"Nous aider - Site de l&#039;APEI de Meudon\",\"isPartOf\":{\"@id\":\"https:\/\/apeimeudon.fr\/Site-APEI\/#website\"},\"datePublished\":\"2015-09-29T14:55:30+00:00\",\"dateModified\":\"2017-07-22T18:43:44+00:00\",\"breadcrumb\":{\"@id\":\"https:\/\/apeimeudon.fr\/Site-APEI\/lassociation-2\/nous-aider\/#breadcrumb\"},\"inLanguage\":\"fr-FR\",\"potentialAction\":[{\"@type\":\"ReadAction\",\"target\":[\"https:\/\/apeimeudon.fr\/Site-APEI\/lassociation-2\/nous-aider\/\"]}]},{\"@type\":\"BreadcrumbList\",\"@id\":\"https:\/\/apeimeudon.fr\/Site-APEI\/lassociation-2\/nous-aider\/#breadcrumb\",\"itemListElement\":[{\"@type\":\"ListItem\",\"position\":1,\"name\":\"Accueil\",\"item\":\"https:\/\/apeimeudon.fr\/Site-APEI\/\"},{\"@type\":\"ListItem\",\"position\":2,\"name\":\"L&rsquo;association APEI de Meudon\",\"item\":\"https:\/\/apeimeudon.fr\/Site-APEI\/lassociation-2\/\"},{\"@type\":\"ListItem\",\"position\":3,\"name\":\"Nous aider\"}]},{\"@type\":\"WebSite\",\"@id\":\"https:\/\/apeimeudon.fr\/Site-APEI\/#website\",\"url\":\"https:\/\/apeimeudon.fr\/Site-APEI\/\",\"name\":\"Site de l&#039;APEI de Meudon\",\"description\":\"Association de Parents d\u2019Enfants Handicap\u00e9s Mentaux de Meudon\",\"publisher\":{\"@id\":\"https:\/\/apeimeudon.fr\/Site-APEI\/#organization\"},\"potentialAction\":[{\"@type\":\"SearchAction\",\"target\":{\"@type\":\"EntryPoint\",\"urlTemplate\":\"https:\/\/apeimeudon.fr\/Site-APEI\/?s={search_term_string}\"},\"query-input\":{\"@type\":\"PropertyValueSpecification\",\"valueRequired\":true,\"valueName\":\"search_term_string\"}}],\"inLanguage\":\"fr-FR\"},{\"@type\":\"Organization\",\"@id\":\"https:\/\/apeimeudon.fr\/Site-APEI\/#organization\",\"name\":\"APEI de Meudon\",\"url\":\"https:\/\/apeimeudon.fr\/Site-APEI\/\",\"logo\":{\"@type\":\"ImageObject\",\"inLanguage\":\"fr-FR\",\"@id\":\"https:\/\/apeimeudon.fr\/Site-APEI\/#\/schema\/logo\/image\/\",\"url\":\"https:\/\/apeimeudon.fr\/Site-APEI\/wp-content\/uploads\/2016\/05\/Grand-logo-apei-1.png\",\"contentUrl\":\"https:\/\/apeimeudon.fr\/Site-APEI\/wp-content\/uploads\/2016\/05\/Grand-logo-apei-1.png\",\"width\":840,\"height\":120,\"caption\":\"APEI de Meudon\"},\"image\":{\"@id\":\"https:\/\/apeimeudon.fr\/Site-APEI\/#\/schema\/logo\/image\/\"}}]}<\/script>\n<!-- \/ Yoast SEO plugin. -->","yoast_head_json":{"title":"Nous aider - Site de l&#039;APEI de Meudon","robots":{"index":"index","follow":"follow","max-snippet":"max-snippet:-1","max-image-preview":"max-image-preview:large","max-video-preview":"max-video-preview:-1"},"canonical":"https:\/\/apeimeudon.fr\/Site-APEI\/lassociation-2\/nous-aider\/","og_locale":"fr_FR","og_type":"article","og_title":"Nous aider - Site de l&#039;APEI de Meudon","og_description":"Comment nous aider ? Par des dons et legs. Pour d\u00e9velopper et diversifier leurs ressources, les associations font parfois appel \u00e0 la g\u00e9n\u00e9rosit\u00e9 publique. Les donations ou les legs dont b\u00e9n\u00e9ficient les associations comme la n\u00f4tre\u00a0sont accept\u00e9es librement, sans n\u00e9cessit\u00e9 d\u2019une autorisation pr\u00e9alable de l\u2019autorit\u00e9 administrative.\u00a0 S\u2019il s\u2019agit d\u2019un legs, le notaire est tenu de [&hellip;]","og_url":"https:\/\/apeimeudon.fr\/Site-APEI\/lassociation-2\/nous-aider\/","og_site_name":"Site de l&#039;APEI de Meudon","article_modified_time":"2017-07-22T18:43:44+00:00","twitter_card":"summary_large_image","twitter_misc":{"Dur\u00e9e de lecture estim\u00e9e":"1 minute"},"schema":{"@context":"https:\/\/schema.org","@graph":[{"@type":"WebPage","@id":"https:\/\/apeimeudon.fr\/Site-APEI\/lassociation-2\/nous-aider\/","url":"https:\/\/apeimeudon.fr\/Site-APEI\/lassociation-2\/nous-aider\/","name":"Nous aider - Site de l&#039;APEI de Meudon","isPartOf":{"@id":"https:\/\/apeimeudon.fr\/Site-APEI\/#website"},"datePublished":"2015-09-29T14:55:30+00:00","dateModified":"2017-07-22T18:43:44+00:00","breadcrumb":{"@id":"https:\/\/apeimeudon.fr\/Site-APEI\/lassociation-2\/nous-aider\/#breadcrumb"},"inLanguage":"fr-FR","potentialAction":[{"@type":"ReadAction","target":["https:\/\/apeimeudon.fr\/Site-APEI\/lassociation-2\/nous-aider\/"]}]},{"@type":"BreadcrumbList","@id":"https:\/\/apeimeudon.fr\/Site-APEI\/lassociation-2\/nous-aider\/#breadcrumb","itemListElement":[{"@type":"ListItem","position":1,"name":"Accueil","item":"https:\/\/apeimeudon.fr\/Site-APEI\/"},{"@type":"ListItem","position":2,"name":"L&rsquo;association APEI de Meudon","item":"https:\/\/apeimeudon.fr\/Site-APEI\/lassociation-2\/"},{"@type":"ListItem","position":3,"name":"Nous aider"}]},{"@type":"WebSite","@id":"https:\/\/apeimeudon.fr\/Site-APEI\/#website","url":"https:\/\/apeimeudon.fr\/Site-APEI\/","name":"Site de l&#039;APEI de Meudon","description":"Association de Parents d\u2019Enfants Handicap\u00e9s Mentaux de Meudon","publisher":{"@id":"https:\/\/apeimeudon.fr\/Site-APEI\/#organization"},"potentialAction":[{"@type":"SearchAction","target":{"@type":"EntryPoint","urlTemplate":"https:\/\/apeimeudon.fr\/Site-APEI\/?s={search_term_string}"},"query-input":{"@type":"PropertyValueSpecification","valueRequired":true,"valueName":"search_term_string"}}],"inLanguage":"fr-FR"},{"@type":"Organization","@id":"https:\/\/apeimeudon.fr\/Site-APEI\/#organization","name":"APEI de Meudon","url":"https:\/\/apeimeudon.fr\/Site-APEI\/","logo":{"@type":"ImageObject","inLanguage":"fr-FR","@id":"https:\/\/apeimeudon.fr\/Site-APEI\/#\/schema\/logo\/image\/","url":"https:\/\/apeimeudon.fr\/Site-APEI\/wp-content\/uploads\/2016\/05\/Grand-logo-apei-1.png","contentUrl":"https:\/\/apeimeudon.fr\/Site-APEI\/wp-content\/uploads\/2016\/05\/Grand-logo-apei-1.png","width":840,"height":120,"caption":"APEI de Meudon"},"image":{"@id":"https:\/\/apeimeudon.fr\/Site-APEI\/#\/schema\/logo\/image\/"}}]}},"_links":{"self":[{"href":"http:\/\/apeimeudon.fr\/Site-APEI\/wp-json\/wp\/v2\/pages\/211","targetHints":{"allow":["GET"]}}],"collection":[{"href":"http:\/\/apeimeudon.fr\/Site-APEI\/wp-json\/wp\/v2\/pages"}],"about":[{"href":"http:\/\/apeimeudon.fr\/Site-APEI\/wp-json\/wp\/v2\/types\/page"}],"author":[{"embeddable":true,"href":"http:\/\/apeimeudon.fr\/Site-APEI\/wp-json\/wp\/v2\/users\/1"}],"replies":[{"embeddable":true,"href":"http:\/\/apeimeudon.fr\/Site-APEI\/wp-json\/wp\/v2\/comments?post=211"}],"version-history":[{"count":3,"href":"http:\/\/apeimeudon.fr\/Site-APEI\/wp-json\/wp\/v2\/pages\/211\/revisions"}],"predecessor-version":[{"id":816,"href":"http:\/\/apeimeudon.fr\/Site-APEI\/wp-json\/wp\/v2\/pages\/211\/revisions\/816"}],"up":[{"embeddable":true,"href":"http:\/\/apeimeudon.fr\/Site-APEI\/wp-json\/wp\/v2\/pages\/222"}],"wp:attachment":[{"href":"http:\/\/apeimeudon.fr\/Site-APEI\/wp-json\/wp\/v2\/media?parent=211"}],"curies":[{"name":"wp","href":"https:\/\/api.w.org\/{rel}","templated":true}]}}