{"id":618,"date":"2017-03-05T15:26:52","date_gmt":"2017-03-05T14:26:52","guid":{"rendered":"http:\/\/apeimeudon.fr\/Site-APEI\/?page_id=618"},"modified":"2020-12-09T22:39:31","modified_gmt":"2020-12-09T21:39:31","slug":"les-bords-de-seine","status":"publish","type":"page","link":"http:\/\/apeimeudon.fr\/Site-APEI\/les-bords-de-seine\/","title":{"rendered":"Les Bords de Seine"},"content":{"rendered":"<div id=\"pl-618\"  class=\"panel-layout\" ><div id=\"pg-618-0\"  class=\"panel-grid panel-no-style\" ><div id=\"pgc-618-0-0\"  class=\"panel-grid-cell\" ><div id=\"panel-618-0-0-0\" class=\"so-panel widget widget_black-studio-tinymce widget_black_studio_tinymce panel-first-child panel-last-child\" data-index=\"0\" ><div class=\"textwidget\"><p><div id=\"attachment_607\" style=\"width: 1261px\" class=\"wp-caption aligncenter\"><img loading=\"lazy\" decoding=\"async\" aria-describedby=\"caption-attachment-607\" class=\"wp-image-607 size-full\" src=\"http:\/\/apeimeudon.fr\/Site-APEI\/wp-content\/uploads\/2017\/03\/Street-Bords-de-Seine-e1488622638891.jpg\" alt=\"\" width=\"1251\" height=\"347\" srcset=\"http:\/\/apeimeudon.fr\/Site-APEI\/wp-content\/uploads\/2017\/03\/Street-Bords-de-Seine-e1488622638891.jpg 1251w, http:\/\/apeimeudon.fr\/Site-APEI\/wp-content\/uploads\/2017\/03\/Street-Bords-de-Seine-e1488622638891-300x83.jpg 300w, http:\/\/apeimeudon.fr\/Site-APEI\/wp-content\/uploads\/2017\/03\/Street-Bords-de-Seine-e1488622638891-768x213.jpg 768w, http:\/\/apeimeudon.fr\/Site-APEI\/wp-content\/uploads\/2017\/03\/Street-Bords-de-Seine-e1488622638891-1024x284.jpg 1024w\" sizes=\"auto, (max-width: 1251px) 100vw, 1251px\" \/><p id=\"caption-attachment-607\" class=\"wp-caption-text\">Foyer de vie Les Bords de Seine<\/p><\/div><\/p>\n<\/div><\/div><\/div><\/div><div id=\"pg-618-1\"  class=\"panel-grid panel-no-style\" ><div id=\"pgc-618-1-0\"  class=\"panel-grid-cell\" ><div id=\"panel-618-1-0-0\" class=\"so-panel widget widget_black-studio-tinymce widget_black_studio_tinymce panel-first-child panel-last-child\" data-index=\"1\" ><div class=\"textwidget\"><p style=\"text-align: justify;\">Le foyer de vie \u00ab\u00a0Les Bords de Seine\u00a0\u00bb accueille les r\u00e9sidents \u00e0 partir de 40 ans jusqu\u2019\u00e0 la fin de vie. Pour cela, il met en \u0153uvre des soutiens m\u00e9dico-sociaux visant \u00e0 maintenir une certaine autonomie et dispose d\u2019une infirmi\u00e8re qui assure en collaboration avec la famille et l\u2019\u00e9quipe \u00e9ducative le suivi m\u00e9dical (prise de rendez-vous m\u00e9dicaux n\u00e9cessaires et accompagnement aux rendez-vous, aide \u00e0 la prise des m\u00e9dicaments, etc.). En fonction de l\u2019\u00e9volution des r\u00e9sidents, un \u00e9tage pourra \u00eatre m\u00e9dicalis\u00e9 afin d\u2019assurer le confort n\u00e9cessaire aux r\u00e9sidents.<\/p>\n<p style=\"text-align: justify;\">Le foyer de vie \u00ab\u00a0Les Bords de Seine\u00a0\u00bb vise \u00e0 maintenir l\u2019autonomie des r\u00e9sidents par la r\u00e9alisation d\u2019activit\u00e9s quotidiennes diversifi\u00e9es et une vie sociale active. Un esprit familial est cultiv\u00e9, favoris\u00e9 par la petite taille de la structure. Les activit\u00e9s propos\u00e9es sont diverses et adapt\u00e9es aux potentialit\u00e9s des r\u00e9sidents. Il peut s\u2019agir d\u2019activit\u00e9s manuelles (peinture, sculpture, mosa\u00efque\u2026), d\u2019activit\u00e9s de gymnastique, de danse, d\u2019expression corporelle, musique, chant ainsi que sorties culturelles ou de loisir. Des transferts sont organis\u00e9s pour permettre aux r\u00e9sidents de changer de rythme, d\u2019environnement, d\u2019activit\u00e9s.<\/p>\n<p style=\"text-align: justify;\">Le foyer de vie \u00ab\u00a0Les Bords de Seine\u00a0\u00bb est financ\u00e9 par le Conseil d\u00e9partemental des Hauts-de-Seine. Une contribution aux frais d\u2019h\u00e9bergement est demand\u00e9e \u00e0 la personne h\u00e9berg\u00e9e.<\/p>\n<p style=\"text-align: justify;\">Au niveau architectural, l\u2019\u00e9tablissement, qui dispose d\u2019un jardin int\u00e9rieur, est b\u00e2ti sur 3 \u00e9tages dont chacun est organis\u00e9 comme un vaste appartement, comprenant 10 chambres individuelles avec sanitaires, adapt\u00e9es \u00e0 tout type de handicap, ainsi que des espaces communs. Au rez-de-chauss\u00e9e, se trouvent les bureaux administratifs, les salles d\u2019activit\u00e9s et la salle \u00e0 manger. Le foyer dispose d\u2019une cuisine centrale g\u00e9r\u00e9e par Sodexo qui met \u00e0 disposition 2 cuisiniers et un commis afin de r\u00e9aliser les repas sur place. L\u2019architecture de l\u2019\u00e9tablissement a pris en compte la possibilit\u00e9 d\u2019une m\u00e9dicalisation partielle de l\u2019\u00e9tablissement \u00e0 l\u2019avenir.<\/p>\n<h4 style=\"text-align: justify;\">Les services du foyer des Bords de Seine<\/h4>\n<h5 style=\"text-align: justify;\">Le Service \u00e9ducatif est compos\u00e9 de\u00a0:<\/h5>\n<ul style=\"text-align: justify;\">\n<li>Une chef de service<\/li>\n<li>15 \u00e9ducateurs\/\u00e9ducatrices<\/li>\n<li>Une psychologue \u00e0 temps partiel,<\/li>\n<li>4 surveillants de nuit<\/li>\n<\/ul>\n<h5 style=\"text-align: justify;\">Le Service administratif, commun aux 3 ou 4 foyers compos\u00e9 de :<\/h5>\n<ul style=\"text-align: justify;\">\n<li>Un Directeur, commun \u00e0 l'ensemble des 4 foyers de l'association<\/li>\n<li>Un Cadre administratif et Ressources Humaines<\/li>\n<li>Une secr\u00e9taire<\/li>\n<li>Une Comptable.<\/li>\n<\/ul>\n<h5 style=\"text-align: justify;\">Les services g\u00e9n\u00e9raux compos\u00e9s :<\/h5>\n<ul style=\"text-align: justify;\">\n<li>Une ling\u00e8re qui travaille depuis le foyer des Lampes au profit du foyer de vie,<\/li>\n<li>3 agents de service int\u00e9rieur et d\u2019entretien.<\/li>\n<\/ul>\n<p style=\"text-align: justify;\">L\u2019accompagnement, sp\u00e9cifique aux personnes handicap\u00e9es vieillissantes, est pens\u00e9 pour que le r\u00e9sident puisse maintenir ses acquis dans un espace accueillant et confortable.<\/p>\n<\/div><\/div><\/div><\/div><\/div>","protected":false},"excerpt":{"rendered":"<p>Le foyer de vie \u00ab\u00a0Les Bords de Seine\u00a0\u00bb accueille les r\u00e9sidents \u00e0 partir de 40 ans jusqu\u2019\u00e0 la fin de vie. Pour cela, il met en \u0153uvre des soutiens m\u00e9dico-sociaux visant \u00e0 maintenir une certaine autonomie et dispose d\u2019une infirmi\u00e8re qui assure en collaboration avec la famille et l\u2019\u00e9quipe \u00e9ducative le suivi m\u00e9dical (prise de [&hellip;]<\/p>\n","protected":false},"author":1,"featured_media":0,"parent":0,"menu_order":0,"comment_status":"closed","ping_status":"closed","template":"","meta":{"_acf_changed":false,"ngg_post_thumbnail":0,"footnotes":""},"class_list":["post-618","page","type-page","status-publish","hentry","post"],"acf":[],"yoast_head":"<!-- This site is optimized with the Yoast SEO plugin v27.1.1 - https:\/\/yoast.com\/product\/yoast-seo-wordpress\/ -->\n<title>Les Bords de Seine - Site de l&#039;APEI de Meudon<\/title>\n<meta name=\"description\" content=\"Le foyer de vie \u00ab\u00a0Les Bords de Seine\u00a0\u00bb accueille les r\u00e9sidents \u00e0 partir de 40 ans jusqu\u2019\u00e0 la fin de vie.\" \/>\n<meta name=\"robots\" content=\"index, follow, max-snippet:-1, max-image-preview:large, max-video-preview:-1\" \/>\n<link rel=\"canonical\" href=\"http:\/\/apeimeudon.fr\/Site-APEI\/les-bords-de-seine\/\" \/>\n<meta property=\"og:locale\" content=\"fr_FR\" \/>\n<meta property=\"og:type\" content=\"article\" \/>\n<meta property=\"og:title\" content=\"Les Bords de Seine - Site de l&#039;APEI de Meudon\" \/>\n<meta property=\"og:description\" content=\"Le foyer de vie \u00ab\u00a0Les Bords de Seine\u00a0\u00bb accueille les r\u00e9sidents \u00e0 partir de 40 ans jusqu\u2019\u00e0 la fin de vie.\" \/>\n<meta property=\"og:url\" content=\"http:\/\/apeimeudon.fr\/Site-APEI\/les-bords-de-seine\/\" \/>\n<meta property=\"og:site_name\" content=\"Site de l&#039;APEI de Meudon\" \/>\n<meta property=\"article:modified_time\" content=\"2020-12-09T21:39:31+00:00\" \/>\n<meta property=\"og:image\" content=\"http:\/\/apeimeudon.fr\/Site-APEI\/wp-content\/uploads\/2017\/03\/Street-Bords-de-Seine-e1488622638891.jpg\" \/>\n<meta name=\"twitter:card\" content=\"summary_large_image\" \/>\n<meta name=\"twitter:label1\" content=\"Dur\u00e9e de lecture estim\u00e9e\" \/>\n\t<meta name=\"twitter:data1\" content=\"2 minutes\" \/>\n<script type=\"application\/ld+json\" class=\"yoast-schema-graph\">{\"@context\":\"https:\/\/schema.org\",\"@graph\":[{\"@type\":\"WebPage\",\"@id\":\"http:\/\/apeimeudon.fr\/Site-APEI\/les-bords-de-seine\/\",\"url\":\"http:\/\/apeimeudon.fr\/Site-APEI\/les-bords-de-seine\/\",\"name\":\"Les Bords de Seine - Site de l&#039;APEI de Meudon\",\"isPartOf\":{\"@id\":\"https:\/\/apeimeudon.fr\/Site-APEI\/#website\"},\"primaryImageOfPage\":{\"@id\":\"http:\/\/apeimeudon.fr\/Site-APEI\/les-bords-de-seine\/#primaryimage\"},\"image\":{\"@id\":\"http:\/\/apeimeudon.fr\/Site-APEI\/les-bords-de-seine\/#primaryimage\"},\"thumbnailUrl\":\"http:\/\/apeimeudon.fr\/Site-APEI\/wp-content\/uploads\/2017\/03\/Street-Bords-de-Seine-e1488622638891.jpg\",\"datePublished\":\"2017-03-05T14:26:52+00:00\",\"dateModified\":\"2020-12-09T21:39:31+00:00\",\"description\":\"Le foyer de vie \u00ab\u00a0Les Bords de Seine\u00a0\u00bb accueille les r\u00e9sidents \u00e0 partir de 40 ans jusqu\u2019\u00e0 la fin de vie.\",\"breadcrumb\":{\"@id\":\"http:\/\/apeimeudon.fr\/Site-APEI\/les-bords-de-seine\/#breadcrumb\"},\"inLanguage\":\"fr-FR\",\"potentialAction\":[{\"@type\":\"ReadAction\",\"target\":[\"http:\/\/apeimeudon.fr\/Site-APEI\/les-bords-de-seine\/\"]}]},{\"@type\":\"ImageObject\",\"inLanguage\":\"fr-FR\",\"@id\":\"http:\/\/apeimeudon.fr\/Site-APEI\/les-bords-de-seine\/#primaryimage\",\"url\":\"http:\/\/apeimeudon.fr\/Site-APEI\/wp-content\/uploads\/2017\/03\/Street-Bords-de-Seine-e1488622638891.jpg\",\"contentUrl\":\"http:\/\/apeimeudon.fr\/Site-APEI\/wp-content\/uploads\/2017\/03\/Street-Bords-de-Seine-e1488622638891.jpg\",\"width\":1251,\"height\":347,\"caption\":\"Foyer de vie Les Bords de Seine\"},{\"@type\":\"BreadcrumbList\",\"@id\":\"http:\/\/apeimeudon.fr\/Site-APEI\/les-bords-de-seine\/#breadcrumb\",\"itemListElement\":[{\"@type\":\"ListItem\",\"position\":1,\"name\":\"Accueil\",\"item\":\"https:\/\/apeimeudon.fr\/Site-APEI\/\"},{\"@type\":\"ListItem\",\"position\":2,\"name\":\"Les Bords de Seine\"}]},{\"@type\":\"WebSite\",\"@id\":\"https:\/\/apeimeudon.fr\/Site-APEI\/#website\",\"url\":\"https:\/\/apeimeudon.fr\/Site-APEI\/\",\"name\":\"Site de l&#039;APEI de Meudon\",\"description\":\"Association de Parents d\u2019Enfants Handicap\u00e9s Mentaux de Meudon\",\"publisher\":{\"@id\":\"https:\/\/apeimeudon.fr\/Site-APEI\/#organization\"},\"potentialAction\":[{\"@type\":\"SearchAction\",\"target\":{\"@type\":\"EntryPoint\",\"urlTemplate\":\"https:\/\/apeimeudon.fr\/Site-APEI\/?s={search_term_string}\"},\"query-input\":{\"@type\":\"PropertyValueSpecification\",\"valueRequired\":true,\"valueName\":\"search_term_string\"}}],\"inLanguage\":\"fr-FR\"},{\"@type\":\"Organization\",\"@id\":\"https:\/\/apeimeudon.fr\/Site-APEI\/#organization\",\"name\":\"APEI de Meudon\",\"url\":\"https:\/\/apeimeudon.fr\/Site-APEI\/\",\"logo\":{\"@type\":\"ImageObject\",\"inLanguage\":\"fr-FR\",\"@id\":\"https:\/\/apeimeudon.fr\/Site-APEI\/#\/schema\/logo\/image\/\",\"url\":\"https:\/\/apeimeudon.fr\/Site-APEI\/wp-content\/uploads\/2016\/05\/Grand-logo-apei-1.png\",\"contentUrl\":\"https:\/\/apeimeudon.fr\/Site-APEI\/wp-content\/uploads\/2016\/05\/Grand-logo-apei-1.png\",\"width\":840,\"height\":120,\"caption\":\"APEI de Meudon\"},\"image\":{\"@id\":\"https:\/\/apeimeudon.fr\/Site-APEI\/#\/schema\/logo\/image\/\"}}]}<\/script>\n<!-- \/ Yoast SEO plugin. -->","yoast_head_json":{"title":"Les Bords de Seine - Site de l&#039;APEI de Meudon","description":"Le foyer de vie \u00ab\u00a0Les Bords de Seine\u00a0\u00bb accueille les r\u00e9sidents \u00e0 partir de 40 ans jusqu\u2019\u00e0 la fin de vie.","robots":{"index":"index","follow":"follow","max-snippet":"max-snippet:-1","max-image-preview":"max-image-preview:large","max-video-preview":"max-video-preview:-1"},"canonical":"http:\/\/apeimeudon.fr\/Site-APEI\/les-bords-de-seine\/","og_locale":"fr_FR","og_type":"article","og_title":"Les Bords de Seine - Site de l&#039;APEI de Meudon","og_description":"Le foyer de vie \u00ab\u00a0Les Bords de Seine\u00a0\u00bb accueille les r\u00e9sidents \u00e0 partir de 40 ans jusqu\u2019\u00e0 la fin de vie.","og_url":"http:\/\/apeimeudon.fr\/Site-APEI\/les-bords-de-seine\/","og_site_name":"Site de l&#039;APEI de Meudon","article_modified_time":"2020-12-09T21:39:31+00:00","og_image":[{"url":"http:\/\/apeimeudon.fr\/Site-APEI\/wp-content\/uploads\/2017\/03\/Street-Bords-de-Seine-e1488622638891.jpg","type":"","width":"","height":""}],"twitter_card":"summary_large_image","twitter_misc":{"Dur\u00e9e de lecture estim\u00e9e":"2 minutes"},"schema":{"@context":"https:\/\/schema.org","@graph":[{"@type":"WebPage","@id":"http:\/\/apeimeudon.fr\/Site-APEI\/les-bords-de-seine\/","url":"http:\/\/apeimeudon.fr\/Site-APEI\/les-bords-de-seine\/","name":"Les Bords de Seine - Site de l&#039;APEI de Meudon","isPartOf":{"@id":"https:\/\/apeimeudon.fr\/Site-APEI\/#website"},"primaryImageOfPage":{"@id":"http:\/\/apeimeudon.fr\/Site-APEI\/les-bords-de-seine\/#primaryimage"},"image":{"@id":"http:\/\/apeimeudon.fr\/Site-APEI\/les-bords-de-seine\/#primaryimage"},"thumbnailUrl":"http:\/\/apeimeudon.fr\/Site-APEI\/wp-content\/uploads\/2017\/03\/Street-Bords-de-Seine-e1488622638891.jpg","datePublished":"2017-03-05T14:26:52+00:00","dateModified":"2020-12-09T21:39:31+00:00","description":"Le foyer de vie \u00ab\u00a0Les Bords de Seine\u00a0\u00bb accueille les r\u00e9sidents \u00e0 partir de 40 ans jusqu\u2019\u00e0 la fin de vie.","breadcrumb":{"@id":"http:\/\/apeimeudon.fr\/Site-APEI\/les-bords-de-seine\/#breadcrumb"},"inLanguage":"fr-FR","potentialAction":[{"@type":"ReadAction","target":["http:\/\/apeimeudon.fr\/Site-APEI\/les-bords-de-seine\/"]}]},{"@type":"ImageObject","inLanguage":"fr-FR","@id":"http:\/\/apeimeudon.fr\/Site-APEI\/les-bords-de-seine\/#primaryimage","url":"http:\/\/apeimeudon.fr\/Site-APEI\/wp-content\/uploads\/2017\/03\/Street-Bords-de-Seine-e1488622638891.jpg","contentUrl":"http:\/\/apeimeudon.fr\/Site-APEI\/wp-content\/uploads\/2017\/03\/Street-Bords-de-Seine-e1488622638891.jpg","width":1251,"height":347,"caption":"Foyer de vie Les Bords de Seine"},{"@type":"BreadcrumbList","@id":"http:\/\/apeimeudon.fr\/Site-APEI\/les-bords-de-seine\/#breadcrumb","itemListElement":[{"@type":"ListItem","position":1,"name":"Accueil","item":"https:\/\/apeimeudon.fr\/Site-APEI\/"},{"@type":"ListItem","position":2,"name":"Les Bords de Seine"}]},{"@type":"WebSite","@id":"https:\/\/apeimeudon.fr\/Site-APEI\/#website","url":"https:\/\/apeimeudon.fr\/Site-APEI\/","name":"Site de l&#039;APEI de Meudon","description":"Association de Parents d\u2019Enfants Handicap\u00e9s Mentaux de Meudon","publisher":{"@id":"https:\/\/apeimeudon.fr\/Site-APEI\/#organization"},"potentialAction":[{"@type":"SearchAction","target":{"@type":"EntryPoint","urlTemplate":"https:\/\/apeimeudon.fr\/Site-APEI\/?s={search_term_string}"},"query-input":{"@type":"PropertyValueSpecification","valueRequired":true,"valueName":"search_term_string"}}],"inLanguage":"fr-FR"},{"@type":"Organization","@id":"https:\/\/apeimeudon.fr\/Site-APEI\/#organization","name":"APEI de Meudon","url":"https:\/\/apeimeudon.fr\/Site-APEI\/","logo":{"@type":"ImageObject","inLanguage":"fr-FR","@id":"https:\/\/apeimeudon.fr\/Site-APEI\/#\/schema\/logo\/image\/","url":"https:\/\/apeimeudon.fr\/Site-APEI\/wp-content\/uploads\/2016\/05\/Grand-logo-apei-1.png","contentUrl":"https:\/\/apeimeudon.fr\/Site-APEI\/wp-content\/uploads\/2016\/05\/Grand-logo-apei-1.png","width":840,"height":120,"caption":"APEI de Meudon"},"image":{"@id":"https:\/\/apeimeudon.fr\/Site-APEI\/#\/schema\/logo\/image\/"}}]}},"_links":{"self":[{"href":"http:\/\/apeimeudon.fr\/Site-APEI\/wp-json\/wp\/v2\/pages\/618","targetHints":{"allow":["GET"]}}],"collection":[{"href":"http:\/\/apeimeudon.fr\/Site-APEI\/wp-json\/wp\/v2\/pages"}],"about":[{"href":"http:\/\/apeimeudon.fr\/Site-APEI\/wp-json\/wp\/v2\/types\/page"}],"author":[{"embeddable":true,"href":"http:\/\/apeimeudon.fr\/Site-APEI\/wp-json\/wp\/v2\/users\/1"}],"replies":[{"embeddable":true,"href":"http:\/\/apeimeudon.fr\/Site-APEI\/wp-json\/wp\/v2\/comments?post=618"}],"version-history":[{"count":12,"href":"http:\/\/apeimeudon.fr\/Site-APEI\/wp-json\/wp\/v2\/pages\/618\/revisions"}],"predecessor-version":[{"id":2200,"href":"http:\/\/apeimeudon.fr\/Site-APEI\/wp-json\/wp\/v2\/pages\/618\/revisions\/2200"}],"wp:attachment":[{"href":"http:\/\/apeimeudon.fr\/Site-APEI\/wp-json\/wp\/v2\/media?parent=618"}],"curies":[{"name":"wp","href":"https:\/\/api.w.org\/{rel}","templated":true}]}}