{"id":662,"date":"2017-03-23T13:31:03","date_gmt":"2017-03-23T12:31:03","guid":{"rendered":"http:\/\/apeimeudon.fr\/Site-APEI\/?page_id=662"},"modified":"2020-12-09T22:37:43","modified_gmt":"2020-12-09T21:37:43","slug":"georges-hourdin","status":"publish","type":"page","link":"http:\/\/apeimeudon.fr\/Site-APEI\/georges-hourdin\/","title":{"rendered":"Georges HOURDIN"},"content":{"rendered":"<div id=\"pl-662\"  class=\"panel-layout\" ><div id=\"pg-662-0\"  class=\"panel-grid panel-no-style\" ><div id=\"pgc-662-0-0\"  class=\"panel-grid-cell\" ><div id=\"panel-662-0-0-0\" class=\"so-panel widget widget_black-studio-tinymce widget_black_studio_tinymce panel-first-child panel-last-child\" data-index=\"0\" ><div class=\"textwidget\"><p><div id=\"attachment_603\" style=\"width: 1660px\" class=\"wp-caption aligncenter\"><img loading=\"lazy\" decoding=\"async\" aria-describedby=\"caption-attachment-603\" class=\"wp-image-603 size-full\" src=\"http:\/\/apeimeudon.fr\/Site-APEI\/wp-content\/uploads\/2017\/03\/Street-Hourdin-e1488539801647.jpg\" alt=\"\" width=\"1650\" height=\"457\" srcset=\"http:\/\/apeimeudon.fr\/Site-APEI\/wp-content\/uploads\/2017\/03\/Street-Hourdin-e1488539801647.jpg 1650w, http:\/\/apeimeudon.fr\/Site-APEI\/wp-content\/uploads\/2017\/03\/Street-Hourdin-e1488539801647-300x83.jpg 300w, http:\/\/apeimeudon.fr\/Site-APEI\/wp-content\/uploads\/2017\/03\/Street-Hourdin-e1488539801647-768x213.jpg 768w, http:\/\/apeimeudon.fr\/Site-APEI\/wp-content\/uploads\/2017\/03\/Street-Hourdin-e1488539801647-1024x284.jpg 1024w\" sizes=\"auto, (max-width: 1650px) 100vw, 1650px\" \/><p id=\"caption-attachment-603\" class=\"wp-caption-text\">R\u00e9sidence Georges Hourdin<\/p><\/div><\/p>\n<\/div><\/div><\/div><\/div><div id=\"pg-662-1\"  class=\"panel-grid panel-no-style\" ><div id=\"pgc-662-1-0\"  class=\"panel-grid-cell\" ><div id=\"panel-662-1-0-0\" class=\"so-panel widget widget_black-studio-tinymce widget_black_studio_tinymce panel-first-child panel-last-child\" data-index=\"1\" ><div class=\"textwidget\"><h4 style=\"text-align: justify;\">Pr\u00e9sentation du Foyer int\u00e9gr\u00e9<\/h4>\n<p style=\"text-align: justify;\">Suite \u00e0 une donation, la r\u00e9sidence Georges HOURDIN a \u00e9t\u00e9 ouverte par l\u2019APEI de Meudon en 2004 pour 10 r\u00e9sidents.<br \/>La r\u00e9sidence HOURDIN est d\u00e9finie par le conseil g\u00e9n\u00e9ral comme \u00e9tant un foyer int\u00e9gr\u00e9.<br \/>Le Conseil G\u00e9n\u00e9ral d\u00e9finit les foyers int\u00e9gr\u00e9s comme des logements collectifs comprenant des appartements pour deux ou trois personnes handicap\u00e9es qui b\u00e9n\u00e9ficient d\u2019un soutien \u00e9ducatif plus accentu\u00e9 que les services d\u2019accompagnement. Ils accueillent des travailleurs handicap\u00e9s qui prennent en charge leur redevance d\u2019occupation et les frais concernant leur quotidien (nourriture, v\u00eatements\u2026).<br \/>La r\u00e9sidence Hourdin est une maison de ville am\u00e9nag\u00e9e en <em><strong>10 studios individuels<\/strong><\/em>.<br \/>Ce <em><strong>foyer int\u00e9gr\u00e9<\/strong><\/em> est un lieu de vie et peut \u00eatre aussi une \u00e9tape entre un foyer d\u2019h\u00e9bergement et un service d\u2019accompagnement \u00e0 la vie sociale.<\/p>\n<p style=\"text-align: justify;\">Le foyer accueille des personnes en situation de handicap travaillant en ESAT ou en milieu ordinaire, ou encore qui fr\u00e9quentent un CITL. Ils s\u2019acquittent d\u2019une redevance mensuelle d\u2019occupation.<\/p>\n<p style=\"text-align: justify;\">Le r\u00e9sident peut \u00eatre aid\u00e9 par les \u00e9ducateurs dans certains actes de la vie quotidienne\u00a0: suivi m\u00e9dical, organisation des vacances, d\u00e9marches administratives.<\/p>\n<p style=\"text-align: justify;\">\u00a0<\/p>\n<p style=\"text-align: justify;\"><em>Les studios :<\/em><\/p>\n<p style=\"text-align: justify;\">D\u2019une surface d\u2019environ 20 m\u00b2 ils sont dot\u00e9s d\u2019une cuisine am\u00e9nag\u00e9e et \u00e9quip\u00e9e d\u2019un r\u00e9frig\u00e9rateur et d\u2019une plaque chauffante, d\u2019une salle de bain avec douche, lavabo et toilettes. Certains b\u00e9n\u00e9ficient d\u2019un balcon ou d\u2019une terrasse. L\u2019entretien du studio est \u00e0 la charge du r\u00e9sident.<\/p>\n<p style=\"text-align: justify;\">\u00a0<\/p>\n<p style=\"text-align: justify;\"><em>Des espaces collectifs :<\/em><\/p>\n<p style=\"text-align: justify;\">La r\u00e9sidence comporte un grand hall d\u2019entr\u00e9e, lieu de rencontres informelles et d\u2019affichage, un salon\/salle \u00e0 manger o\u00f9 se tiennent les r\u00e9unions, les activit\u00e9s de d\u00e9tente et de convivialit\u00e9, une cuisine \u00e9quip\u00e9e, pr\u00e9vue pour pr\u00e9parer les repas de groupe et mise \u00e0 la disposition des r\u00e9sidents, un grand jardin. Sur trois niveaux, la r\u00e9sidence est \u00e9quip\u00e9e d\u2019un ascenseur.<\/p>\n<p style=\"text-align: justify;\">\u00a0<\/p>\n<p style=\"text-align: justify;\"><em><strong>Des espaces professionnels<\/strong><\/em><\/p>\n<p style=\"text-align: justify;\">Les \u00e9ducateurs disposent d\u2019un bureau, lieu d\u2019accueil, d\u2019entretiens et de rencontres avec les r\u00e9sidents et leur famille. La chef de service et la psychologue, pr\u00e9sentes de mani\u00e8re irr\u00e9guli\u00e8re sur l\u2019\u00e9tablissement ont aussi un bureau.<\/p>\n<p style=\"text-align: justify;\">\u00a0<\/p>\n<p style=\"text-align: justify;\"><em><strong>Le personnel<\/strong><\/em><\/p>\n<p style=\"text-align: justify;\">Le service \u00e9ducatif est compos\u00e9 de :<\/p>\n<ul style=\"text-align: justify;\">\n<li>une chef de service (qui exerce ses responsabilit\u00e9s conjointement sur le Foyer des Lampes et sur la R\u00e9sidence Hourdin),<\/li>\n<li>trois \u00e9ducateurs,<\/li>\n<li>une psychologue (pour les trois foyers de Lampes \/ Fleury et Hourdin).<\/li>\n<\/ul>\n<p style=\"text-align: justify;\">Les services administratifs et g\u00e9n\u00e9raux sont implant\u00e9s au foyer des Lampes et interviennent autant que de besoin pour et sur la r\u00e9sidence.<\/p>\n<p>\u00a0<\/p>\n<\/div><\/div><\/div><\/div><\/div>","protected":false},"excerpt":{"rendered":"<p>Pr\u00e9sentation du Foyer int\u00e9gr\u00e9Suite \u00e0 une donation, la r\u00e9sidence Georges HOURDIN a \u00e9t\u00e9 ouverte par l\u2019APEI de Meudon en 2004 pour 10 r\u00e9sidents.La r\u00e9sidence HOURDIN est d\u00e9finie par le conseil g\u00e9n\u00e9ral comme \u00e9tant un foyer int\u00e9gr\u00e9.Le Conseil G\u00e9n\u00e9ral d\u00e9finit les foyers int\u00e9gr\u00e9s comme des logements collectifs comprenant des appartements pour deux ou trois personnes handicap\u00e9es [&hellip;]<\/p>\n","protected":false},"author":1,"featured_media":0,"parent":0,"menu_order":0,"comment_status":"closed","ping_status":"closed","template":"","meta":{"_acf_changed":false,"ngg_post_thumbnail":0,"footnotes":""},"class_list":["post-662","page","type-page","status-publish","hentry","post"],"acf":[],"yoast_head":"<!-- This site is optimized with the Yoast SEO plugin v27.1.1 - https:\/\/yoast.com\/product\/yoast-seo-wordpress\/ -->\n<title>Georges HOURDIN - Site de l&#039;APEI de Meudon<\/title>\n<meta name=\"description\" content=\"La r\u00e9sidence HOURDIN est d\u00e9finie par le conseil g\u00e9n\u00e9ral comme \u00e9tant un foyer int\u00e9gr\u00e9 recevant 10 r\u00e9sidents.\" \/>\n<meta name=\"robots\" content=\"index, follow, max-snippet:-1, max-image-preview:large, max-video-preview:-1\" \/>\n<link rel=\"canonical\" href=\"http:\/\/apeimeudon.fr\/Site-APEI\/georges-hourdin\/\" \/>\n<meta property=\"og:locale\" content=\"fr_FR\" \/>\n<meta property=\"og:type\" content=\"article\" \/>\n<meta property=\"og:title\" content=\"Georges HOURDIN - Site de l&#039;APEI de Meudon\" \/>\n<meta property=\"og:description\" content=\"La r\u00e9sidence HOURDIN est d\u00e9finie par le conseil g\u00e9n\u00e9ral comme \u00e9tant un foyer int\u00e9gr\u00e9 recevant 10 r\u00e9sidents.\" \/>\n<meta property=\"og:url\" content=\"http:\/\/apeimeudon.fr\/Site-APEI\/georges-hourdin\/\" \/>\n<meta property=\"og:site_name\" content=\"Site de l&#039;APEI de Meudon\" \/>\n<meta property=\"article:modified_time\" content=\"2020-12-09T21:37:43+00:00\" \/>\n<meta property=\"og:image\" content=\"http:\/\/apeimeudon.fr\/Site-APEI\/wp-content\/uploads\/2017\/03\/Street-Hourdin-e1488539801647.jpg\" \/>\n<meta name=\"twitter:card\" content=\"summary_large_image\" \/>\n<meta name=\"twitter:label1\" content=\"Dur\u00e9e de lecture estim\u00e9e\" \/>\n\t<meta name=\"twitter:data1\" content=\"2 minutes\" \/>\n<script type=\"application\/ld+json\" class=\"yoast-schema-graph\">{\"@context\":\"https:\/\/schema.org\",\"@graph\":[{\"@type\":\"WebPage\",\"@id\":\"http:\/\/apeimeudon.fr\/Site-APEI\/georges-hourdin\/\",\"url\":\"http:\/\/apeimeudon.fr\/Site-APEI\/georges-hourdin\/\",\"name\":\"Georges HOURDIN - Site de l&#039;APEI de Meudon\",\"isPartOf\":{\"@id\":\"https:\/\/apeimeudon.fr\/Site-APEI\/#website\"},\"primaryImageOfPage\":{\"@id\":\"http:\/\/apeimeudon.fr\/Site-APEI\/georges-hourdin\/#primaryimage\"},\"image\":{\"@id\":\"http:\/\/apeimeudon.fr\/Site-APEI\/georges-hourdin\/#primaryimage\"},\"thumbnailUrl\":\"http:\/\/apeimeudon.fr\/Site-APEI\/wp-content\/uploads\/2017\/03\/Street-Hourdin-e1488539801647.jpg\",\"datePublished\":\"2017-03-23T12:31:03+00:00\",\"dateModified\":\"2020-12-09T21:37:43+00:00\",\"description\":\"La r\u00e9sidence HOURDIN est d\u00e9finie par le conseil g\u00e9n\u00e9ral comme \u00e9tant un foyer int\u00e9gr\u00e9 recevant 10 r\u00e9sidents.\",\"breadcrumb\":{\"@id\":\"http:\/\/apeimeudon.fr\/Site-APEI\/georges-hourdin\/#breadcrumb\"},\"inLanguage\":\"fr-FR\",\"potentialAction\":[{\"@type\":\"ReadAction\",\"target\":[\"http:\/\/apeimeudon.fr\/Site-APEI\/georges-hourdin\/\"]}]},{\"@type\":\"ImageObject\",\"inLanguage\":\"fr-FR\",\"@id\":\"http:\/\/apeimeudon.fr\/Site-APEI\/georges-hourdin\/#primaryimage\",\"url\":\"http:\/\/apeimeudon.fr\/Site-APEI\/wp-content\/uploads\/2017\/03\/Street-Hourdin-e1488539801647.jpg\",\"contentUrl\":\"http:\/\/apeimeudon.fr\/Site-APEI\/wp-content\/uploads\/2017\/03\/Street-Hourdin-e1488539801647.jpg\",\"width\":1650,\"height\":457,\"caption\":\"R\u00e9sidence Georges Hourdin\"},{\"@type\":\"BreadcrumbList\",\"@id\":\"http:\/\/apeimeudon.fr\/Site-APEI\/georges-hourdin\/#breadcrumb\",\"itemListElement\":[{\"@type\":\"ListItem\",\"position\":1,\"name\":\"Accueil\",\"item\":\"https:\/\/apeimeudon.fr\/Site-APEI\/\"},{\"@type\":\"ListItem\",\"position\":2,\"name\":\"Georges HOURDIN\"}]},{\"@type\":\"WebSite\",\"@id\":\"https:\/\/apeimeudon.fr\/Site-APEI\/#website\",\"url\":\"https:\/\/apeimeudon.fr\/Site-APEI\/\",\"name\":\"Site de l&#039;APEI de Meudon\",\"description\":\"Association de Parents d\u2019Enfants Handicap\u00e9s Mentaux de Meudon\",\"publisher\":{\"@id\":\"https:\/\/apeimeudon.fr\/Site-APEI\/#organization\"},\"potentialAction\":[{\"@type\":\"SearchAction\",\"target\":{\"@type\":\"EntryPoint\",\"urlTemplate\":\"https:\/\/apeimeudon.fr\/Site-APEI\/?s={search_term_string}\"},\"query-input\":{\"@type\":\"PropertyValueSpecification\",\"valueRequired\":true,\"valueName\":\"search_term_string\"}}],\"inLanguage\":\"fr-FR\"},{\"@type\":\"Organization\",\"@id\":\"https:\/\/apeimeudon.fr\/Site-APEI\/#organization\",\"name\":\"APEI de Meudon\",\"url\":\"https:\/\/apeimeudon.fr\/Site-APEI\/\",\"logo\":{\"@type\":\"ImageObject\",\"inLanguage\":\"fr-FR\",\"@id\":\"https:\/\/apeimeudon.fr\/Site-APEI\/#\/schema\/logo\/image\/\",\"url\":\"https:\/\/apeimeudon.fr\/Site-APEI\/wp-content\/uploads\/2016\/05\/Grand-logo-apei-1.png\",\"contentUrl\":\"https:\/\/apeimeudon.fr\/Site-APEI\/wp-content\/uploads\/2016\/05\/Grand-logo-apei-1.png\",\"width\":840,\"height\":120,\"caption\":\"APEI de Meudon\"},\"image\":{\"@id\":\"https:\/\/apeimeudon.fr\/Site-APEI\/#\/schema\/logo\/image\/\"}}]}<\/script>\n<!-- \/ Yoast SEO plugin. -->","yoast_head_json":{"title":"Georges HOURDIN - Site de l&#039;APEI de Meudon","description":"La r\u00e9sidence HOURDIN est d\u00e9finie par le conseil g\u00e9n\u00e9ral comme \u00e9tant un foyer int\u00e9gr\u00e9 recevant 10 r\u00e9sidents.","robots":{"index":"index","follow":"follow","max-snippet":"max-snippet:-1","max-image-preview":"max-image-preview:large","max-video-preview":"max-video-preview:-1"},"canonical":"http:\/\/apeimeudon.fr\/Site-APEI\/georges-hourdin\/","og_locale":"fr_FR","og_type":"article","og_title":"Georges HOURDIN - Site de l&#039;APEI de Meudon","og_description":"La r\u00e9sidence HOURDIN est d\u00e9finie par le conseil g\u00e9n\u00e9ral comme \u00e9tant un foyer int\u00e9gr\u00e9 recevant 10 r\u00e9sidents.","og_url":"http:\/\/apeimeudon.fr\/Site-APEI\/georges-hourdin\/","og_site_name":"Site de l&#039;APEI de Meudon","article_modified_time":"2020-12-09T21:37:43+00:00","og_image":[{"url":"http:\/\/apeimeudon.fr\/Site-APEI\/wp-content\/uploads\/2017\/03\/Street-Hourdin-e1488539801647.jpg","type":"","width":"","height":""}],"twitter_card":"summary_large_image","twitter_misc":{"Dur\u00e9e de lecture estim\u00e9e":"2 minutes"},"schema":{"@context":"https:\/\/schema.org","@graph":[{"@type":"WebPage","@id":"http:\/\/apeimeudon.fr\/Site-APEI\/georges-hourdin\/","url":"http:\/\/apeimeudon.fr\/Site-APEI\/georges-hourdin\/","name":"Georges HOURDIN - Site de l&#039;APEI de Meudon","isPartOf":{"@id":"https:\/\/apeimeudon.fr\/Site-APEI\/#website"},"primaryImageOfPage":{"@id":"http:\/\/apeimeudon.fr\/Site-APEI\/georges-hourdin\/#primaryimage"},"image":{"@id":"http:\/\/apeimeudon.fr\/Site-APEI\/georges-hourdin\/#primaryimage"},"thumbnailUrl":"http:\/\/apeimeudon.fr\/Site-APEI\/wp-content\/uploads\/2017\/03\/Street-Hourdin-e1488539801647.jpg","datePublished":"2017-03-23T12:31:03+00:00","dateModified":"2020-12-09T21:37:43+00:00","description":"La r\u00e9sidence HOURDIN est d\u00e9finie par le conseil g\u00e9n\u00e9ral comme \u00e9tant un foyer int\u00e9gr\u00e9 recevant 10 r\u00e9sidents.","breadcrumb":{"@id":"http:\/\/apeimeudon.fr\/Site-APEI\/georges-hourdin\/#breadcrumb"},"inLanguage":"fr-FR","potentialAction":[{"@type":"ReadAction","target":["http:\/\/apeimeudon.fr\/Site-APEI\/georges-hourdin\/"]}]},{"@type":"ImageObject","inLanguage":"fr-FR","@id":"http:\/\/apeimeudon.fr\/Site-APEI\/georges-hourdin\/#primaryimage","url":"http:\/\/apeimeudon.fr\/Site-APEI\/wp-content\/uploads\/2017\/03\/Street-Hourdin-e1488539801647.jpg","contentUrl":"http:\/\/apeimeudon.fr\/Site-APEI\/wp-content\/uploads\/2017\/03\/Street-Hourdin-e1488539801647.jpg","width":1650,"height":457,"caption":"R\u00e9sidence Georges Hourdin"},{"@type":"BreadcrumbList","@id":"http:\/\/apeimeudon.fr\/Site-APEI\/georges-hourdin\/#breadcrumb","itemListElement":[{"@type":"ListItem","position":1,"name":"Accueil","item":"https:\/\/apeimeudon.fr\/Site-APEI\/"},{"@type":"ListItem","position":2,"name":"Georges HOURDIN"}]},{"@type":"WebSite","@id":"https:\/\/apeimeudon.fr\/Site-APEI\/#website","url":"https:\/\/apeimeudon.fr\/Site-APEI\/","name":"Site de l&#039;APEI de Meudon","description":"Association de Parents d\u2019Enfants Handicap\u00e9s Mentaux de Meudon","publisher":{"@id":"https:\/\/apeimeudon.fr\/Site-APEI\/#organization"},"potentialAction":[{"@type":"SearchAction","target":{"@type":"EntryPoint","urlTemplate":"https:\/\/apeimeudon.fr\/Site-APEI\/?s={search_term_string}"},"query-input":{"@type":"PropertyValueSpecification","valueRequired":true,"valueName":"search_term_string"}}],"inLanguage":"fr-FR"},{"@type":"Organization","@id":"https:\/\/apeimeudon.fr\/Site-APEI\/#organization","name":"APEI de Meudon","url":"https:\/\/apeimeudon.fr\/Site-APEI\/","logo":{"@type":"ImageObject","inLanguage":"fr-FR","@id":"https:\/\/apeimeudon.fr\/Site-APEI\/#\/schema\/logo\/image\/","url":"https:\/\/apeimeudon.fr\/Site-APEI\/wp-content\/uploads\/2016\/05\/Grand-logo-apei-1.png","contentUrl":"https:\/\/apeimeudon.fr\/Site-APEI\/wp-content\/uploads\/2016\/05\/Grand-logo-apei-1.png","width":840,"height":120,"caption":"APEI de Meudon"},"image":{"@id":"https:\/\/apeimeudon.fr\/Site-APEI\/#\/schema\/logo\/image\/"}}]}},"_links":{"self":[{"href":"http:\/\/apeimeudon.fr\/Site-APEI\/wp-json\/wp\/v2\/pages\/662","targetHints":{"allow":["GET"]}}],"collection":[{"href":"http:\/\/apeimeudon.fr\/Site-APEI\/wp-json\/wp\/v2\/pages"}],"about":[{"href":"http:\/\/apeimeudon.fr\/Site-APEI\/wp-json\/wp\/v2\/types\/page"}],"author":[{"embeddable":true,"href":"http:\/\/apeimeudon.fr\/Site-APEI\/wp-json\/wp\/v2\/users\/1"}],"replies":[{"embeddable":true,"href":"http:\/\/apeimeudon.fr\/Site-APEI\/wp-json\/wp\/v2\/comments?post=662"}],"version-history":[{"count":17,"href":"http:\/\/apeimeudon.fr\/Site-APEI\/wp-json\/wp\/v2\/pages\/662\/revisions"}],"predecessor-version":[{"id":2198,"href":"http:\/\/apeimeudon.fr\/Site-APEI\/wp-json\/wp\/v2\/pages\/662\/revisions\/2198"}],"wp:attachment":[{"href":"http:\/\/apeimeudon.fr\/Site-APEI\/wp-json\/wp\/v2\/media?parent=662"}],"curies":[{"name":"wp","href":"https:\/\/api.w.org\/{rel}","templated":true}]}}